{"id":58,"date":"2025-10-18T19:30:27","date_gmt":"2025-10-18T19:30:27","guid":{"rendered":"http:\/\/shilomed.fr\/?page_id=58"},"modified":"2025-10-18T19:35:20","modified_gmt":"2025-10-18T19:35:20","slug":"a-propos","status":"publish","type":"page","link":"https:\/\/shilomed.fr\/?page_id=58","title":{"rendered":"A propos"},"content":{"rendered":"\n<p><strong>Shilomed \u2013 Je SUIS Sant\u00e9<\/strong> est un cri d\u2019amour et de respect envers les patients, ceux qui sont pass\u00e9s par l\u2019obscurit\u00e9 avant de retrouver la lumi\u00e8re. <\/p>\n\n\n\n<p>Mon m\u00e9tier d\u2019<strong>assistante m\u00e9dicale en hospitalisation ORL et Maxillo-Faciale<\/strong> m\u2019a fait comprendre qu\u2019il existait un manque de communication compr\u00e9hensive des deux c\u00f4t\u00e9s.<br>Les m\u00e9decins s\u2019expriment avec un langage m\u00e9dical souvent complexe, difficile \u00e0 saisir pour les patients. Et ces derniers n\u2019osent pas toujours demander des explications, par crainte de d\u00e9ranger. . <\/p>\n\n\n\n<p>C\u2019est pour cela que j\u2019ai eu l\u2019id\u00e9e de <strong>vulgariser positivement la chirurgie<\/strong>, afin de la rendre plus <strong>accessible, claire et humaine<\/strong>.<\/p>\n\n\n\n<p>Sur le site <strong>Shilomed \u2013 Je SUIS Sant\u00e9<\/strong>, vous trouverez des <strong>vid\u00e9os explicatives<\/strong> cr\u00e9\u00e9es avec des professionnels de sant\u00e9 : anesth\u00e9sistes, orthophonistes, oncologues, radioth\u00e9rapeutes, chirurgiens et infirmiers.<br>Chaque contenu vous aide \u00e0 comprendre vos sympt\u00f4mes, vos traitements et vos interventions , en ORL comme en chirurgie maxillo-faciale.<\/p>\n\n\n\n<p>Notre souhait est que chaque patient avance <strong>arm\u00e9 de savoir, de paix et de confiance<\/strong>, du diagnostic jusqu\u2019\u00e0 la gu\u00e9rison.<\/p>\n\n\n\n<p>Parce que <strong>comprendre sa maladie, c\u2019est d\u00e9j\u00e0 commencer \u00e0 gu\u00e9rir.<\/strong><\/p>\n","protected":false},"excerpt":{"rendered":"<p>Shilomed \u2013 Je SUIS Sant\u00e9 est un cri d\u2019amour et de respect envers les patients, ceux qui sont pass\u00e9s par [&hellip;]<\/p>\n","protected":false},"author":1,"featured_media":0,"parent":0,"menu_order":0,"comment_status":"closed","ping_status":"closed","template":"","meta":{"site-sidebar-layout":"default","site-content-layout":"","ast-site-content-layout":"default","site-content-style":"default","site-sidebar-style":"default","ast-global-header-display":"","ast-banner-title-visibility":"","ast-main-header-display":"","ast-hfb-above-header-display":"","ast-hfb-below-header-display":"","ast-hfb-mobile-header-display":"","site-post-title":"","ast-breadcrumbs-content":"","ast-featured-img":"","footer-sml-layout":"","theme-transparent-header-meta":"","adv-header-id-meta":"","stick-header-meta":"","header-above-stick-meta":"","header-main-stick-meta":"","header-below-stick-meta":"","astra-migrate-meta-layouts":"default","ast-page-background-enabled":"default","ast-page-background-meta":{"desktop":{"background-color":"var(--ast-global-color-5)","background-image":"","background-repeat":"repeat","background-position":"center center","background-size":"auto","background-attachment":"scroll","background-type":"","background-media":"","overlay-type":"","overlay-color":"","overlay-opacity":"","overlay-gradient":""},"tablet":{"background-color":"","background-image":"","background-repeat":"repeat","background-position":"center center","background-size":"auto","background-attachment":"scroll","background-type":"","background-media":"","overlay-type":"","overlay-color":"","overlay-opacity":"","overlay-gradient":""},"mobile":{"background-color":"","background-image":"","background-repeat":"repeat","background-position":"center center","background-size":"auto","background-attachment":"scroll","background-type":"","background-media":"","overlay-type":"","overlay-color":"","overlay-opacity":"","overlay-gradient":""}},"ast-content-background-meta":{"desktop":{"background-color":"var(--ast-global-color-4)","background-image":"","background-repeat":"repeat","background-position":"center center","background-size":"auto","background-attachment":"scroll","background-type":"","background-media":"","overlay-type":"","overlay-color":"","overlay-opacity":"","overlay-gradient":""},"tablet":{"background-color":"var(--ast-global-color-4)","background-image":"","background-repeat":"repeat","background-position":"center center","background-size":"auto","background-attachment":"scroll","background-type":"","background-media":"","overlay-type":"","overlay-color":"","overlay-opacity":"","overlay-gradient":""},"mobile":{"background-color":"var(--ast-global-color-4)","background-image":"","background-repeat":"repeat","background-position":"center center","background-size":"auto","background-attachment":"scroll","background-type":"","background-media":"","overlay-type":"","overlay-color":"","overlay-opacity":"","overlay-gradient":""}},"footnotes":""},"class_list":["post-58","page","type-page","status-publish","hentry"],"_links":{"self":[{"href":"https:\/\/shilomed.fr\/index.php?rest_route=\/wp\/v2\/pages\/58","targetHints":{"allow":["GET"]}}],"collection":[{"href":"https:\/\/shilomed.fr\/index.php?rest_route=\/wp\/v2\/pages"}],"about":[{"href":"https:\/\/shilomed.fr\/index.php?rest_route=\/wp\/v2\/types\/page"}],"author":[{"embeddable":true,"href":"https:\/\/shilomed.fr\/index.php?rest_route=\/wp\/v2\/users\/1"}],"replies":[{"embeddable":true,"href":"https:\/\/shilomed.fr\/index.php?rest_route=%2Fwp%2Fv2%2Fcomments&post=58"}],"version-history":[{"count":1,"href":"https:\/\/shilomed.fr\/index.php?rest_route=\/wp\/v2\/pages\/58\/revisions"}],"predecessor-version":[{"id":59,"href":"https:\/\/shilomed.fr\/index.php?rest_route=\/wp\/v2\/pages\/58\/revisions\/59"}],"wp:attachment":[{"href":"https:\/\/shilomed.fr\/index.php?rest_route=%2Fwp%2Fv2%2Fmedia&parent=58"}],"curies":[{"name":"wp","href":"https:\/\/api.w.org\/{rel}","templated":true}]}}