{"id":15,"date":"2025-10-15T15:19:58","date_gmt":"2025-10-15T15:19:58","guid":{"rendered":"http:\/\/shilomed.fr\/?page_id=15"},"modified":"2025-10-18T21:49:57","modified_gmt":"2025-10-18T21:49:57","slug":"accueil","status":"publish","type":"page","link":"https:\/\/shilomed.fr\/","title":{"rendered":"Accueil"},"content":{"rendered":"\n<div class=\"wp-block-group alignfull has-black-color has-white-background-color has-text-color has-background has-link-color wp-elements-1960b019d8a64144563e2ca9f01da1bd is-layout-constrained wp-container-core-group-is-layout-9cedb757 wp-block-group-is-layout-constrained\" style=\"padding-bottom:0px\">\n<div class=\"wp-block-columns are-vertically-aligned-top is-layout-flex wp-container-core-columns-is-layout-00723822 wp-block-columns-is-layout-flex\">\n<div class=\"wp-block-column is-vertically-aligned-top is-layout-flow wp-container-core-column-is-layout-6b73ce23 wp-block-column-is-layout-flow\">\n<p class=\"has-ast-global-color-2-color has-text-color has-link-color wp-elements-5f4dd1bbe39be63632e185988d363674\"><strong>Shilomed<\/strong>&#8211;<strong>JE SUIS Sante<\/strong><\/p>\n\n\n\n<p class=\"has-ast-global-color-4-color has-text-color has-link-color wp-elements-3cbc8d09eb7561709ee821c66f6880d4\">Comprendre pour Mieux gu\u00e9rir .<\/p>\n\n\n\n<p class=\"has-text-align-left has-ast-global-color-4-color has-text-color has-link-color wp-elements-fd55542cc4112ce040a50338960eac93\">Nous croyons qu\u2019un patient bien inform\u00e9 traverse mieux son parcours de soins.<br>Shilomed est une association d\u00e9di\u00e9e \u00e0 rendre la m\u00e9decine, la chirurgie et leurs parcours <strong>accessibles, clairs et humains<\/strong>.<\/p>\n\n\n\n<p class=\"has-text-align-left has-ast-global-color-8-color has-text-color has-link-color wp-elements-b4b17d3c034bbc0d42f4bc28b9cc17db\">Notre mission : rendre la m\u00e9decine plus humaine , apais\u00e9e et accessible \u00e0 tous .<br><\/p>\n<\/div>\n\n\n\n<div class=\"wp-block-column is-vertically-aligned-top is-layout-flow wp-container-core-column-is-layout-6b73ce23 wp-block-column-is-layout-flow\">\n<p class=\"has-ast-global-color-2-color has-text-color has-link-color wp-elements-3e5aed903ee399404671b865e6006ffc\"><strong>Nos Sp\u00e9cialit\u00e9s<\/strong><\/p>\n\n\n\n<p class=\"has-text-align-left has-black-color has-text-color has-link-color wp-elements-2257d0b3c932c67bf7891ed762071270\">Comprendre la chirurgie et ses enjeux<\/p>\n\n\n\n<p class=\"has-text-align-left has-black-color has-text-color has-link-color wp-elements-374316886db2d10f4ee790c4fff2f1c4\">Parce que chaque intervention a une histoire, Shilomed accompagne les patients \u00e0 travers des <strong>explications simples, visuelles et fiables<\/strong>.<\/p>\n<\/div>\n\n\n\n<div class=\"wp-block-column is-vertically-aligned-top is-layout-flow wp-container-core-column-is-layout-6b73ce23 wp-block-column-is-layout-flow\">\n<p class=\"has-text-align-left has-black-color has-text-color has-link-color wp-elements-c73bb457a32116f0fa5c7c3f1c3c41cc\"><strong>Notre Mission<\/strong><\/p>\n\n\n\n<p class=\"has-text-align-left has-black-color has-text-color has-link-color wp-elements-0005fe5e0d174fd7d19e29827c1f3dda\">Traduire la m\u00e9decine en langage humain<\/p>\n\n\n\n<p class=\"has-black-color has-text-color has-link-color wp-elements-00ae847f219568e99aae111879034724\">Nous collaborons avec des professionnels de sant\u00e9 pour rendre l\u2019information m\u00e9dicale plus claire et plus accessible.<br>Notre r\u00f4le est d\u2019aider les patients \u00e0 comprendre <strong>le pourquoi et le comment<\/strong> de chaque \u00e9tape :<br>du diagnostic jusqu\u2019\u00e0 la gu\u00e9rison.<\/p>\n\n\n\n<p class=\"has-text-align-left has-black-color has-text-color has-link-color wp-elements-37435973208c46e24da61fed8755efd7\">Shilomed, c\u2019est la passerelle entre les mots des m\u00e9decins et le v\u00e9cu des patients.<\/p>\n<\/div>\n\n\n\n<div class=\"wp-block-column is-vertically-aligned-top is-layout-flow wp-container-core-column-is-layout-6b73ce23 wp-block-column-is-layout-flow\">\n<p class=\"has-text-align-left has-black-color has-text-color has-link-color wp-elements-148239cb5e76bcd77da3c85ab58e3b5c\"><strong>Pourquoi SHILOMED ?<\/strong><\/p>\n\n\n\n<p class=\"has-text-align-left has-black-color has-text-color has-link-color wp-elements-fac8b46be931924bb98af348e89ff895\">Une vision du soin centr\u00e9e sur la dignit\u00e9 et la clart\u00e9<\/p>\n\n\n\n<ul class=\"wp-block-list\">\n<li class=\"has-black-color has-text-color has-link-color wp-elements-f3a49ecb911ae72e862ceb25f6397dc2\">\ud83d\udca1 <strong>P\u00e9dagogie<\/strong> : vulgariser sans simplifier, pour donner les bons rep\u00e8res.<\/li>\n\n\n\n<li class=\"has-black-color has-text-color has-link-color wp-elements-f8d859d8727e8c132ca7b68b9debc6c1\">\ud83e\udd1d <strong>Empathie<\/strong> : replacer l\u2019humain au c\u0153ur du soin.<\/li>\n\n\n\n<li class=\"has-black-color has-text-color has-link-color wp-elements-42080bcf515526fc2f0d3537ab4f85ea\">\u2695\ufe0f <strong>Collaboration<\/strong> : un travail collectif entre patients, soignants et communicants.<\/li>\n\n\n\n<li class=\"has-black-color has-text-color has-link-color wp-elements-4c191a0a012e4e0e587006cf9762bb66\">\ud83c\udf3f <strong>\u00c9thique<\/strong> : informer avec bienveillance et respect du v\u00e9cu de chacun.<\/li>\n<\/ul>\n\n\n\n<p class=\"has-text-align-left has-ast-global-color-8-color has-text-color has-link-color wp-elements-024b9b886b2d9ebc4c0235f41046bfa3\">Parce que la compr\u00e9hension est une forme de gu\u00e9rison.<\/p>\n<\/div>\n<\/div>\n<\/div>\n\n\n\n<div class=\"wp-block-group alignfull is-layout-constrained wp-container-core-group-is-layout-45b0ac4f wp-block-group-is-layout-constrained\" id=\"services\" style=\"padding-top:144px;padding-bottom:0px\">\n<p>Notre Vision<\/p>\n\n\n\n<div class=\"wp-block-columns is-layout-flex wp-container-core-columns-is-layout-60cbf9bb wp-block-columns-is-layout-flex\" style=\"margin-top:50px\">\n<div class=\"wp-block-column is-layout-flow wp-container-core-column-is-layout-6b73ce23 wp-block-column-is-layout-flow\">\n<figure class=\"wp-block-image size-full\"><img loading=\"lazy\" decoding=\"async\" width=\"1024\" height=\"1024\" src=\"https:\/\/shilomed.fr\/wp-content\/uploads\/2025\/10\/MAXILLO-SHILOMED.png\" alt=\"\" class=\"wp-image-42\" srcset=\"https:\/\/shilomed.fr\/wp-content\/uploads\/2025\/10\/MAXILLO-SHILOMED.png 1024w, https:\/\/shilomed.fr\/wp-content\/uploads\/2025\/10\/MAXILLO-SHILOMED-300x300.png 300w, https:\/\/shilomed.fr\/wp-content\/uploads\/2025\/10\/MAXILLO-SHILOMED-150x150.png 150w, https:\/\/shilomed.fr\/wp-content\/uploads\/2025\/10\/MAXILLO-SHILOMED-768x768.png 768w\" sizes=\"auto, (max-width: 1024px) 100vw, 1024px\" \/><\/figure>\n\n\n\n<h3 class=\"wp-block-heading\" style=\"margin-top:16px\">Chirurgie-Maxillo Faciale &amp; Stomatologie<\/h3>\n\n\n\n<p class=\"has-ast-global-color-2-color has-text-color has-link-color wp-elements-97f9b2350350079ad265ddc77fbd0349\">\ud83e\uddb7 <strong>Chirurgie maxillo-faciale et reconstructrice<\/strong>  : comprendre les maladies et les interventions visage, m\u00e2choire, tumeurs, reconstruction apr\u00e8s cancer.<\/p>\n<\/div>\n\n\n\n<div class=\"wp-block-column is-layout-flow wp-container-core-column-is-layout-6b73ce23 wp-block-column-is-layout-flow\">\n<figure class=\"wp-block-gallery has-nested-images columns-default is-cropped wp-block-gallery-1 is-layout-flex wp-block-gallery-is-layout-flex\">\n<figure class=\"wp-block-image size-full\"><img loading=\"lazy\" decoding=\"async\" width=\"1024\" height=\"1024\" data-id=\"40\" src=\"https:\/\/shilomed.fr\/wp-content\/uploads\/2025\/10\/ROL-SHILOMED.png\" alt=\"\" class=\"wp-image-40\" srcset=\"https:\/\/shilomed.fr\/wp-content\/uploads\/2025\/10\/ROL-SHILOMED.png 1024w, https:\/\/shilomed.fr\/wp-content\/uploads\/2025\/10\/ROL-SHILOMED-300x300.png 300w, https:\/\/shilomed.fr\/wp-content\/uploads\/2025\/10\/ROL-SHILOMED-150x150.png 150w, https:\/\/shilomed.fr\/wp-content\/uploads\/2025\/10\/ROL-SHILOMED-768x768.png 768w\" sizes=\"auto, (max-width: 1024px) 100vw, 1024px\" \/><\/figure>\n<\/figure>\n\n\n\n<h3 class=\"wp-block-heading has-ast-global-color-4-color has-text-color has-link-color wp-elements-aa721e49f8497349f347f1bec5063175\" style=\"margin-top:16px\"><a>Otorhinolaryngologie<\/a><\/h3>\n\n\n\n<p class=\"has-ast-global-color-2-color has-text-color has-link-color wp-elements-b82da733957fcff4d99839f7ab37a9b7\">\ud83d\udc42\ud83c\udffd <strong>Chirurgie ORL<\/strong> <strong> et canc\u00e9rologie<\/strong>: pathologies du nez, de la gorge, des glandes salivaires et cancers ORL.<\/p>\n<\/div>\n\n\n\n<div class=\"wp-block-column is-layout-flow wp-container-core-column-is-layout-6b73ce23 wp-block-column-is-layout-flow\">\n<figure class=\"wp-block-image size-full\"><img loading=\"lazy\" decoding=\"async\" width=\"1024\" height=\"1024\" src=\"https:\/\/shilomed.fr\/wp-content\/uploads\/2025\/10\/PEC-SHILOMED.png\" alt=\"\" class=\"wp-image-43\" srcset=\"https:\/\/shilomed.fr\/wp-content\/uploads\/2025\/10\/PEC-SHILOMED.png 1024w, https:\/\/shilomed.fr\/wp-content\/uploads\/2025\/10\/PEC-SHILOMED-300x300.png 300w, https:\/\/shilomed.fr\/wp-content\/uploads\/2025\/10\/PEC-SHILOMED-150x150.png 150w, https:\/\/shilomed.fr\/wp-content\/uploads\/2025\/10\/PEC-SHILOMED-768x768.png 768w\" sizes=\"auto, (max-width: 1024px) 100vw, 1024px\" \/><\/figure>\n\n\n\n<h3 class=\"wp-block-heading has-ast-global-color-2-color has-text-color has-link-color wp-elements-d7e95ada50ee9ddb99141da31cbe5d1b\" style=\"margin-top:16px\">Prise en Charge des Patients<\/h3>\n\n\n\n<p class=\"has-ast-global-color-2-color has-text-color has-link-color wp-elements-4a3ca523eb3bb178cb43acd8640ad5da\">\ud83d\udcac <strong>Accompagnement pr\u00e9-op\u00e9ratoire , durant l&rsquo;hospitalisation , post-op\u00e9ratoire<\/strong> , : conseils, suivi et rep\u00e8res pour une meilleure r\u00e9cup\u00e9ration.<\/p>\n\n\n\n<p class=\"has-ast-global-color-8-color has-text-color has-link-color wp-elements-43c8fbf37cc1979e9680f25e7238460f\">La connaissance rassure, \u00e9claire et permet de mieux vivre son parcours m\u00e9dical..<\/p>\n<\/div>\n<\/div>\n<\/div>\n\n\n\n<div class=\"wp-block-group alignfull has-white-background-color has-background is-layout-constrained wp-container-core-group-is-layout-6a2cfb7b wp-block-group-is-layout-constrained\" id=\"reviews\">\n<p class=\"has-text-align-center has-ast-global-color-0-color has-text-color has-link-color wp-elements-6b005a0960cac80ed39cd9faf70fc3ef\" style=\"font-size:22px;line-height:1.6\">\u201cEt vous conna\u00eetrez la v\u00e9rit\u00e9, et la v\u00e9rit\u00e9 vous rendra libres.\u201d<br><strong>Jean 8:32<\/strong><\/p>\n\n\n\n<p class=\"has-text-align-center has-ast-global-color-4-color has-white-background-color has-text-color has-background has-link-color wp-elements-cbe00778c5733d59aff2254674c660f0\" style=\"font-size:22px;line-height:1.6\"><strong>Shilomed<\/strong>, c\u2019est la v\u00e9rit\u00e9 sur la maladie.<br>Ici, chaque explication redonne du sens \u00e0 la douleur, \u00e0 la radioth\u00e9rapie, \u00e0 la chirurgie, ou \u00e0 toute autre \u00e9tape du parcours m\u00e9dical.<br>Ce n\u2019est pas dans la t\u00eate : comprendre ses sympt\u00f4mes, c\u2019est d\u00e9j\u00e0 commencer \u00e0 gu\u00e9rir.<br><strong>Shilomed, c\u2019est la foi dans la m\u00e9decine, la clart\u00e9 dans le soin et la paix dans l\u2019esprit.<\/strong><\/p>\n\n\n\n<p class=\"has-text-align-center has-ast-global-color-8-color has-text-color has-link-color wp-elements-f8f159d6ea7d8b83d3d4fb3d808bc195\"><em><strong>Christiane Kembia<\/strong><\/em><\/p>\n<\/div>\n\n\n\n<div class=\"wp-block-group alignfull is-layout-constrained wp-block-group-is-layout-constrained\" id=\"whyus\" style=\"padding-top:144px;padding-bottom:144px\">\n<h2 class=\"wp-block-heading\">Pourquoi choisir SHILOMED<\/h2>\n\n\n\n<div class=\"wp-block-columns is-layout-flex wp-container-core-columns-is-layout-29aadeec wp-block-columns-is-layout-flex\" style=\"margin-top:60px\">\n<div class=\"wp-block-column is-layout-flow wp-container-core-column-is-layout-6b73ce23 wp-block-column-is-layout-flow\">\n<figure class=\"wp-block-image size-large\"><img decoding=\"async\" src=\"https:\/\/shilomed.fr\/wp-content\/themes\/astra\/inc\/assets\/images\/starter-content\/passionate.svg\" alt=\"\" class=\"wp-image-162\"\/><\/figure>\n\n\n\n<h3 class=\"wp-block-heading\" style=\"margin-top:16px\">Transparence<\/h3>\n\n\n\n<p class=\"has-ast-global-color-2-color has-text-color has-link-color wp-elements-c61e6b3dfca219ec29912736afd2cc58\"><br>Shilomed, c\u2019est la v\u00e9rit\u00e9 m\u00e9dicale expliqu\u00e9e simplement.<br>Chaque terme, chaque diagnostic et chaque \u00e9tape de ton parcours est \u00e9clairci pour que tu comprennes ton corps et ses r\u00e9actions.<\/p>\n<\/div>\n\n\n\n<div class=\"wp-block-column is-layout-flow wp-container-core-column-is-layout-6b73ce23 wp-block-column-is-layout-flow\">\n<figure class=\"wp-block-image size-large\"><img decoding=\"async\" src=\"https:\/\/shilomed.fr\/wp-content\/themes\/astra\/inc\/assets\/images\/starter-content\/professional.svg\" alt=\"\" class=\"wp-image-163\"\/><\/figure>\n\n\n\n<h3 class=\"wp-block-heading\" style=\"margin-top:16px\">Professionnalisme<\/h3>\n\n\n\n<p class=\"has-ast-global-color-2-color has-text-color has-link-color wp-elements-8c00c6b65f4781c9d529a056a86c3df6\"><br>Derri\u00e8re chaque explication, il y a le savoir-faire des m\u00e9decins : anesth\u00e9sistes, orthophonistes, oncologues, radioth\u00e9rapeutes, infirmiers, et bien d\u2019autres.<br>Ils prennent le temps de t\u2019expliquer chaque intervention, avec rigueur et humanit\u00e9.<\/p>\n<\/div>\n\n\n\n<div class=\"wp-block-column is-layout-flow wp-container-core-column-is-layout-6b73ce23 wp-block-column-is-layout-flow\">\n<figure class=\"wp-block-image size-large\"><img decoding=\"async\" src=\"https:\/\/shilomed.fr\/wp-content\/themes\/astra\/inc\/assets\/images\/starter-content\/support.svg\" alt=\"\" class=\"wp-image-164\"\/><\/figure>\n\n\n\n<h3 class=\"wp-block-heading has-medium-font-size\" style=\"margin-top:14px\">Accompagnement<\/h3>\n\n\n\n<p class=\"has-ast-global-color-2-color has-text-color has-link-color wp-elements-41b5d68c1eebe72057288c3fecdf6df3\">Shilomed, c\u2019est une passerelle entre la m\u00e9decine et la compr\u00e9hension.<br>Parce qu\u2019un patient inform\u00e9 est un patient apais\u00e9 \u2014 et que la connaissance est le d\u00e9but de la gu\u00e9rison.<\/p>\n<\/div>\n<\/div>\n<\/div>\n\n\n\n<figure class=\"wp-block-image size-full\"><img loading=\"lazy\" decoding=\"async\" width=\"1536\" height=\"1024\" src=\"https:\/\/shilomed.fr\/wp-content\/uploads\/2025\/10\/image-1.png\" alt=\"\" class=\"wp-image-45\" srcset=\"https:\/\/shilomed.fr\/wp-content\/uploads\/2025\/10\/image-1.png 1536w, https:\/\/shilomed.fr\/wp-content\/uploads\/2025\/10\/image-1-300x200.png 300w, https:\/\/shilomed.fr\/wp-content\/uploads\/2025\/10\/image-1-1024x683.png 1024w, https:\/\/shilomed.fr\/wp-content\/uploads\/2025\/10\/image-1-768x512.png 768w\" sizes=\"auto, (max-width: 1536px) 100vw, 1536px\" \/><\/figure>\n\n\n\n<p><\/p>\n","protected":false},"excerpt":{"rendered":"<p>Shilomed&#8211;JE SUIS Sante Comprendre pour Mieux gu\u00e9rir . Nous croyons qu\u2019un patient bien inform\u00e9 traverse mieux son parcours de soins.Shilomed [&hellip;]<\/p>\n","protected":false},"author":1,"featured_media":10,"parent":0,"menu_order":0,"comment_status":"closed","ping_status":"closed","template":"","meta":{"site-sidebar-layout":"no-sidebar","site-content-layout":"plain-container","ast-site-content-layout":"default","site-content-style":"default","site-sidebar-style":"default","ast-global-header-display":"","ast-banner-title-visibility":"","ast-main-header-display":"","ast-hfb-above-header-display":"","ast-hfb-below-header-display":"","ast-hfb-mobile-header-display":"","site-post-title":"disabled","ast-breadcrumbs-content":"","ast-featured-img":"","footer-sml-layout":"","theme-transparent-header-meta":"enabled","adv-header-id-meta":"","stick-header-meta":"","header-above-stick-meta":"","header-main-stick-meta":"","header-below-stick-meta":"","astra-migrate-meta-layouts":"default","ast-page-background-enabled":"default","ast-page-background-meta":{"desktop":{"background-color":"var(--ast-global-color-5)","background-image":"","background-repeat":"repeat","background-position":"center center","background-size":"auto","background-attachment":"scroll","background-type":"","background-media":"","overlay-type":"","overlay-color":"","overlay-opacity":"","overlay-gradient":""},"tablet":{"background-color":"","background-image":"","background-repeat":"repeat","background-position":"center center","background-size":"auto","background-attachment":"scroll","background-type":"","background-media":"","overlay-type":"","overlay-color":"","overlay-opacity":"","overlay-gradient":""},"mobile":{"background-color":"","background-image":"","background-repeat":"repeat","background-position":"center center","background-size":"auto","background-attachment":"scroll","background-type":"","background-media":"","overlay-type":"","overlay-color":"","overlay-opacity":"","overlay-gradient":""}},"ast-content-background-meta":{"desktop":{"background-color":"var(--ast-global-color-4)","background-image":"","background-repeat":"repeat","background-position":"center center","background-size":"auto","background-attachment":"scroll","background-type":"","background-media":"","overlay-type":"","overlay-color":"","overlay-opacity":"","overlay-gradient":""},"tablet":{"background-color":"var(--ast-global-color-4)","background-image":"","background-repeat":"repeat","background-position":"center center","background-size":"auto","background-attachment":"scroll","background-type":"","background-media":"","overlay-type":"","overlay-color":"","overlay-opacity":"","overlay-gradient":""},"mobile":{"background-color":"var(--ast-global-color-4)","background-image":"","background-repeat":"repeat","background-position":"center center","background-size":"auto","background-attachment":"scroll","background-type":"","background-media":"","overlay-type":"","overlay-color":"","overlay-opacity":"","overlay-gradient":""}},"footnotes":""},"class_list":["post-15","page","type-page","status-publish","has-post-thumbnail","hentry"],"_links":{"self":[{"href":"https:\/\/shilomed.fr\/index.php?rest_route=\/wp\/v2\/pages\/15","targetHints":{"allow":["GET"]}}],"collection":[{"href":"https:\/\/shilomed.fr\/index.php?rest_route=\/wp\/v2\/pages"}],"about":[{"href":"https:\/\/shilomed.fr\/index.php?rest_route=\/wp\/v2\/types\/page"}],"author":[{"embeddable":true,"href":"https:\/\/shilomed.fr\/index.php?rest_route=\/wp\/v2\/users\/1"}],"replies":[{"embeddable":true,"href":"https:\/\/shilomed.fr\/index.php?rest_route=%2Fwp%2Fv2%2Fcomments&post=15"}],"version-history":[{"count":6,"href":"https:\/\/shilomed.fr\/index.php?rest_route=\/wp\/v2\/pages\/15\/revisions"}],"predecessor-version":[{"id":72,"href":"https:\/\/shilomed.fr\/index.php?rest_route=\/wp\/v2\/pages\/15\/revisions\/72"}],"wp:featuredmedia":[{"embeddable":true,"href":"https:\/\/shilomed.fr\/index.php?rest_route=\/wp\/v2\/media\/10"}],"wp:attachment":[{"href":"https:\/\/shilomed.fr\/index.php?rest_route=%2Fwp%2Fv2%2Fmedia&parent=15"}],"curies":[{"name":"wp","href":"https:\/\/api.w.org\/{rel}","templated":true}]}}